{"id":164,"date":"2022-06-06T23:10:36","date_gmt":"2022-06-06T21:10:36","guid":{"rendered":"https:\/\/sonovivace.ch\/?page_id=164"},"modified":"2022-06-06T23:10:36","modified_gmt":"2022-06-06T21:10:36","slug":"jonas-ulmer","status":"publish","type":"page","link":"https:\/\/sonovivace.ch\/?page_id=164","title":{"rendered":"jonas Ulmer"},"content":{"rendered":"<p style=\"text-align: center;\">Jonas Ulmer<\/p>\n<p><span style=\"--tcb-applied-color: rgb(255, 255, 255) !important; color: var(--tcb-tpl-color-1);\">Jonas Ulmer<\/span><\/p>\n<p data-block=\"897a7d68-15e6-4e2d-ba7d-03b0d23ad184\" data-title=\"Absatz\" data-type=\"core\/paragraph\" spellcheck=\"false\" tabindex=\"0\"><span style=\"color: var(--tcb-tpl-color-1);\"><span style=\"--tcb-applied-color: var$(--tcb-tpl-color-1) !important;\"><strong><span>Was mich motivierte&nbsp;<\/span><\/strong><\/span><\/span><\/p>\n<p data-block=\"897a7d68-15e6-4e2d-ba7d-03b0d23ad184\" data-title=\"Absatz\" data-type=\"core\/paragraph\" spellcheck=\"false\" tabindex=\"0\"><span style=\"color: var(--tcb-tpl-color-1);\"><span style=\"--tcb-applied-color: var$(--tcb-tpl-color-1) !important;\"><span>Die 1960er Jahre waren die Zeit, in der ich mich fragte:&nbsp;<strong>was braucht es eigentlich, um ein m\u00f6glichst gl\u00fcckliches Leben zu f\u00fchren?<\/strong>&nbsp;1968 wurde ich gerade vollj\u00e4hrig und nahm wahr, dass ein grosser Umbruch in der Gesellschaft &nbsp;stattfand &#8211; die sogenannten 68er Jahre. Auch damals stand diese Frage im Zentrum dieser 68er-Bewegung.<\/span><\/span><\/span><\/p>\n<p data-block=\"897a7d68-15e6-4e2d-ba7d-03b0d23ad184\" data-title=\"Absatz\" data-type=\"core\/paragraph\" spellcheck=\"false\" tabindex=\"0\"><span style=\"color: var(--tcb-tpl-color-1);\"><span style=\"--tcb-applied-color: var$(--tcb-tpl-color-1) !important;\"><strong><span>Was mich faszinierte&nbsp;<\/span><\/strong><\/span><\/span><\/p>\n<p data-block=\"897a7d68-15e6-4e2d-ba7d-03b0d23ad184\" data-title=\"Absatz\" data-type=\"core\/paragraph\" spellcheck=\"false\" tabindex=\"0\"><span style=\"color: var(--tcb-tpl-color-1);\"><span style=\"--tcb-applied-color: var$(--tcb-tpl-color-1) !important;\"><span>Schon sehr fr\u00fch in meiner Jugend faszinierte mich das Thema der individuellen Lebensgestaltung &#8211; und welche Schl\u00fcsselfaktoren f\u00fcr ein erf\u00fclltes Leben entscheidend sind. G<\/span><span>l\u00fccklicherweise fand ich schon damals in der Hausbibliothek meiner Eltern einige B\u00fccher, die sich mit diesem Thema besch\u00e4ftigten.<\/span><\/span><\/span><\/p>\n<p data-block=\"897a7d68-15e6-4e2d-ba7d-03b0d23ad184\" data-title=\"Absatz\" data-type=\"core\/paragraph\" spellcheck=\"false\" tabindex=\"0\"><span style=\"color: var(--tcb-tpl-color-1);\"><span style=\"--tcb-applied-color: var$(--tcb-tpl-color-1) !important;\"><strong><span>Die Basis meiner T\u00e4tigkeit<\/span><\/strong><\/span><\/span><\/p>\n<p data-block=\"897a7d68-15e6-4e2d-ba7d-03b0d23ad184\" data-title=\"Absatz\" data-type=\"core\/paragraph\" spellcheck=\"false\" tabindex=\"0\"><span style=\"color: var(--tcb-tpl-color-1);\"><span style=\"--tcb-applied-color: var$(--tcb-tpl-color-1) !important;\"><span>Mit 21 Jahren machte ich mich nach meiner Schulbildung auf zu erkunden, was hinter der damals kaum bekannten Wissenschaft der Futurologie steckte &#8211; also dem ernsthaften Bestreben, die Zukunft zu erforschen. Und daraus entwickelte sich kontinuierlich meine Selbst\u00e4ndigkeit &#8211; bis zum heutigen Tag.<\/span><\/span><\/span><\/p>\n<p data-block=\"897a7d68-15e6-4e2d-ba7d-03b0d23ad184\" data-title=\"Absatz\" data-type=\"core\/paragraph\" spellcheck=\"false\" tabindex=\"0\"><span style=\"color: var(--tcb-tpl-color-1);\"><span style=\"--tcb-applied-color: var$(--tcb-tpl-color-1) !important;\"><strong><span>Warum meine T\u00e4tigkeit meine gr\u00f6sste Motivation ist<\/span><\/strong><\/span><\/span><\/p>\n<p data-block=\"897a7d68-15e6-4e2d-ba7d-03b0d23ad184\" data-title=\"Absatz\" data-type=\"core\/paragraph\" spellcheck=\"false\" tabindex=\"0\"><span style=\"color: var(--tcb-tpl-color-1);\"><span style=\"--tcb-applied-color: var$(--tcb-tpl-color-1) !important;\"><span>Ich machte das Thema &#8220;Optimierung der Lebensqualit\u00e4t&#8221; von Anfang an zum Inhalt meiner Berater- und Seminar-T\u00e4tigkeit &#8211; und tue das bis heute mit unabl\u00e4ssiger Freude und Motivation. Dadurch kam ich mit vielen Menschen und ihren Lebensfragen in Kontakt. Diese wiederum veranlassten mich, spezifische Programme zu entwickeln, die &nbsp;m\u00f6gliche Antworten und L\u00f6sungswege beinhalten.<\/span><\/span><\/span><\/p>\n<p data-block=\"897a7d68-15e6-4e2d-ba7d-03b0d23ad184\" data-title=\"Absatz\" data-type=\"core\/paragraph\" spellcheck=\"false\" tabindex=\"0\"><span style=\"color: var(--tcb-tpl-color-1);\"><span style=\"--tcb-applied-color: var$(--tcb-tpl-color-1) !important;\"><strong><span>Optimal Entscheiden ist eine Schl\u00fcsselkompetenz<\/span><\/strong><\/span><\/span><\/p>\n<p data-block=\"897a7d68-15e6-4e2d-ba7d-03b0d23ad184\" data-title=\"Absatz\" data-type=\"core\/paragraph\" spellcheck=\"false\" tabindex=\"0\"><span style=\"color: var(--tcb-tpl-color-1);\"><span style=\"--tcb-applied-color: var$(--tcb-tpl-color-1) !important;\"><span>In all den vielen Jahren zeigte sich, dass die eigentlichen Probleme der Menschen letztlich ihre Unf\u00e4higkeit und Unkenntnis sind,&nbsp;<strong>wie man f\u00fcr sein eigenes Leben optimale Entscheidungen trifft<\/strong>. Deshalb entstand auch das vorliegende Programm, um diese Schl\u00fcsselkompetenz f\u00fcr ein gl\u00fcckliches und erfolgreiches Leben zu lernen und zu nutzen. Gl\u00fccklicherweise entspricht diese lebenswichtige Lebenskompetenz einer nat\u00fcrlichen &nbsp;F\u00e4higkeit von uns Menschen, die es lediglich zu entwickeln und anzuwenden gilt.<\/span><\/span><\/span><\/p>\n<p data-block=\"897a7d68-15e6-4e2d-ba7d-03b0d23ad184\" data-title=\"Absatz\" data-type=\"core\/paragraph\" spellcheck=\"false\" tabindex=\"0\"><span style=\"color: var(--tcb-tpl-color-1);\"><span style=\"--tcb-applied-color: var$(--tcb-tpl-color-1) !important;\"><strong><span>Optimal Entscheiden ist der Weg zu authentischem Leben&nbsp;<\/span><\/strong><\/span><\/span><\/p>\n<p data-block=\"897a7d68-15e6-4e2d-ba7d-03b0d23ad184\" data-title=\"Absatz\" data-type=\"core\/paragraph\" spellcheck=\"false\" tabindex=\"0\"><span style=\"color: var(--tcb-tpl-color-1);\"><span style=\"--tcb-applied-color: var$(--tcb-tpl-color-1) !important;\"><span>Mit der Kunst und F\u00e4higkeit des optimalen Entscheidens \u00f6ffnen sich Wege und M\u00f6glichkeiten der Lebensgestaltung, die man sich vorher gar nie ertr\u00e4umt h\u00e4tte. Und das gilt in allen wichtigen Lebensbereichen und Lebensfragen.&nbsp;<\/span><\/span><\/span><\/p>\n<p data-block=\"897a7d68-15e6-4e2d-ba7d-03b0d23ad184\" data-title=\"Absatz\" data-type=\"core\/paragraph\" spellcheck=\"false\" tabindex=\"0\"><span style=\"color: var(--tcb-tpl-color-1);\"><span style=\"--tcb-applied-color: var$(--tcb-tpl-color-1) !important;\"><span><strong>Das ist das Fazit, das ich aus meinem bisherigen Erwachsenenleben ziehen darf&nbsp;<\/strong>&#8211; dankbar und ausserordentlich gl\u00fccklich. Und das w\u00fcnsche ich allen Menschen, die ein selbstverantwortliches und selbstbestimmtes Leben und Zusammenleben anstreben, das ihrer individuellen Natur und Pers\u00f6nlichkeit entspricht.<\/span><\/span><\/span><\/p>\n<p data-block=\"897a7d68-15e6-4e2d-ba7d-03b0d23ad184\" data-title=\"Absatz\" data-type=\"core\/paragraph\" spellcheck=\"false\" tabindex=\"0\"><span style=\"color: var(--tcb-tpl-color-1);\"><span style=\"--tcb-applied-color: var$(--tcb-tpl-color-1) !important;\"><\/span><\/span><\/p>\n","protected":false},"excerpt":{"rendered":"<p>Jonas Ulmer Jonas Ulmer Was mich motivierte&nbsp; Die 1960er Jahre waren die Zeit, in der ich mich fragte:&nbsp;was braucht es eigentlich, um ein m\u00f6glichst gl\u00fcckliches Leben zu f\u00fchren?&nbsp;1968 wurde ich gerade vollj\u00e4hrig und nahm wahr, dass ein grosser Umbruch in der Gesellschaft &nbsp;stattfand &#8211; die sogenannten 68er Jahre. Auch damals stand diese Frage im Zentrum [&hellip;]<\/p>\n","protected":false},"author":1,"featured_media":0,"parent":0,"menu_order":0,"comment_status":"closed","ping_status":"closed","template":"","meta":{"footnotes":""},"class_list":["post-164","page","type-page","status-publish","hentry","post-wrapper","thrv_wrapper"],"_links":{"self":[{"href":"https:\/\/sonovivace.ch\/index.php?rest_route=\/wp\/v2\/pages\/164","targetHints":{"allow":["GET"]}}],"collection":[{"href":"https:\/\/sonovivace.ch\/index.php?rest_route=\/wp\/v2\/pages"}],"about":[{"href":"https:\/\/sonovivace.ch\/index.php?rest_route=\/wp\/v2\/types\/page"}],"author":[{"embeddable":true,"href":"https:\/\/sonovivace.ch\/index.php?rest_route=\/wp\/v2\/users\/1"}],"replies":[{"embeddable":true,"href":"https:\/\/sonovivace.ch\/index.php?rest_route=%2Fwp%2Fv2%2Fcomments&post=164"}],"version-history":[{"count":1,"href":"https:\/\/sonovivace.ch\/index.php?rest_route=\/wp\/v2\/pages\/164\/revisions"}],"predecessor-version":[{"id":179,"href":"https:\/\/sonovivace.ch\/index.php?rest_route=\/wp\/v2\/pages\/164\/revisions\/179"}],"wp:attachment":[{"href":"https:\/\/sonovivace.ch\/index.php?rest_route=%2Fwp%2Fv2%2Fmedia&parent=164"}],"curies":[{"name":"wp","href":"https:\/\/api.w.org\/{rel}","templated":true}]}}