{"id":167,"date":"2022-06-06T22:00:27","date_gmt":"2022-06-06T20:00:27","guid":{"rendered":"https:\/\/sonovivace.ch\/?page_id=167"},"modified":"2023-01-07T22:00:26","modified_gmt":"2023-01-07T21:00:26","slug":"haftungsausschluss","status":"publish","type":"page","link":"https:\/\/sonovivace.ch\/?page_id=167","title":{"rendered":"Haftungsauschluss"},"content":{"rendered":"<p style=\"text-align: center;\">Haftungsausschluss<\/p>\n<\/p>\n<p><span data-mce-style=\"font-size: 24px;\" style=\"color: var(--tcb-tpl-color-1);\">1. Haftungsbeschr\u00e4nkungDie Inhalte dieser Website werden mit gr\u00f6sstm\u00f6glicher Sorgfalt erstellt.&nbsp;<strong>Jonas Ulmer Consulting<\/strong>&nbsp; \u00fcbernimmt jedoch keine Gew\u00e4hr f\u00fcr die Richtigkeit, Vollst\u00e4ndigkeit und Aktualit\u00e4t der bereitgestellten Inhalte. Die Nutzung der Inhalte der Website und deren Angebote erfolgt auf eigene Verantwortung des Nutzers.&nbsp;<\/span><span style=\"color: var(--tcb-tpl-color-1);\"><span style=\"--tcb-applied-color: var$(--tcb-tpl-color-1) !important;\"><span data-mce-style=\"font-size: 24px;\">Mit der reinen Anwendung des Kursprogrammes dieser Website &nbsp;kommt keinerlei Vertragsverh\u00e4ltnis zwischen dem Nutzer und dem Anbieter zustande. &nbsp; &nbsp; &nbsp; &nbsp; &nbsp; &nbsp; &nbsp; &nbsp; &nbsp; &nbsp; &nbsp; &nbsp; &nbsp; &nbsp; &nbsp; &nbsp; &nbsp; &nbsp; &nbsp; &nbsp; &nbsp; &nbsp; &nbsp; &nbsp; &nbsp; &nbsp; &nbsp; &nbsp; &nbsp; &nbsp; &nbsp; &nbsp; &nbsp; &nbsp; &nbsp; &nbsp; &nbsp; &nbsp; &nbsp; &nbsp; &nbsp; &nbsp; &nbsp; &nbsp; &nbsp; &nbsp; &nbsp; &nbsp; &nbsp; &nbsp; &nbsp; &nbsp; &nbsp; &nbsp; &nbsp; &nbsp; &nbsp; &nbsp; &nbsp; &nbsp; &nbsp; &nbsp; &nbsp; &nbsp; &nbsp; &nbsp; &nbsp; &nbsp;<\/span><\/span><\/span><\/p>\n<\/p>\n<p><span style=\"color: var(--tcb-tpl-color-1);\"><span style=\"--tcb-applied-color: var$(--tcb-tpl-color-1) !important;\"><span data-mce-style=\"font-size: 24px;\">2. HaftungsauschlussDie Nutzung der Inhalte der Website und deren Angebote erfolgt auf eigene Verantwortung des Nutzers.&nbsp;<\/span><span data-mce-style=\"font-size: 24px;\">Der Anbieter des auf diesen Seiten vorgestellten Video-Kursprogrammes garantiert keine Erfolge &#8211; noch verspricht er Heilung von Krankheiten oder anderer Leiden. Die Verwendung des Programmes &nbsp;ersetzt keine medizinischen oder psychologischen Behandlungen.&nbsp;<\/span><\/span><\/span><span data-mce-style=\"font-size: 24px;\"><span style=\"--tcb-applied-color: var$(--tcb-tpl-color-1) !important; color: var(--tcb-tpl-color-1);\">Die Behandlung ernsthafter Krankheiten sollte immer von einem qualifizierten Arzt vorgenommen werden. Es wird au\u00dferdem dazu geraten, vor dem Gebrauch der angebotenen Produkte deren Anwendungsweise und m\u00f6glichen Nebenwirkungen auf der Frage &amp; Antworten-Seite zu studieren. Der Anbieter des Produkts ist weder Mediziner noch Psychologe noch in Heilberufen ausgebildeter Experte. Er schliesst deshalb jegliche Haftung, die sich aus dem Gebrauch der auf dieser Webseite beschriebenen Informationen und die sich aus der Nutzung des vorliegenden Programms ergeben, aus. Der Anbieter \u00fcbernimmt trotz sorgf\u00e4ltiger Recherche keine Garantie, weder stillschweigend noch ausdr\u00fccklich, f\u00fcr die schlussendliche Korrektheit, Aktualit\u00e4t, Qualit\u00e4t oder Vollst\u00e4ndigkeit der bereitgestellten Informationen und Themen.<\/span><span style=\"--tcb-applied-color: var$(--tcb-tpl-color-1)  !important; color: var(--tcb-tpl-color-18);\"><\/span><\/span><\/p>\n<p><span style=\"--tcb-applied-color: var$(--tcb-tpl-color-1)  !important; color: var(--tcb-tpl-color-11);\"> Weggis, 1. Januar 2023<\/span><\/p>\n<p data-block=\"897a7d68-15e6-4e2d-ba7d-03b0d23ad184\" data-title=\"Absatz\" data-type=\"core\/paragraph\" spellcheck=\"false\" tabindex=\"0\"><span style=\"color: var(--tcb-tpl-color-1);\"><span style=\"--tcb-applied-color: var$(--tcb-tpl-color-1) !important;\"><\/span><\/span><\/p><\/p>\n","protected":false},"excerpt":{"rendered":"<p>Haftungsausschluss 1. Haftungsbeschr\u00e4nkungDie Inhalte dieser Website werden mit gr\u00f6sstm\u00f6glicher Sorgfalt erstellt.&nbsp;Jonas Ulmer Consulting&nbsp; \u00fcbernimmt jedoch keine Gew\u00e4hr f\u00fcr die Richtigkeit, Vollst\u00e4ndigkeit und Aktualit\u00e4t der bereitgestellten Inhalte. Die Nutzung der Inhalte der Website und deren Angebote erfolgt auf eigene Verantwortung des Nutzers.&nbsp;Mit der reinen Anwendung des Kursprogrammes dieser Website &nbsp;kommt keinerlei Vertragsverh\u00e4ltnis zwischen dem Nutzer und [&hellip;]<\/p>\n","protected":false},"author":1,"featured_media":0,"parent":0,"menu_order":0,"comment_status":"closed","ping_status":"closed","template":"","meta":{"footnotes":""},"class_list":["post-167","page","type-page","status-publish","hentry","post-wrapper","thrv_wrapper"],"_links":{"self":[{"href":"https:\/\/sonovivace.ch\/index.php?rest_route=\/wp\/v2\/pages\/167","targetHints":{"allow":["GET"]}}],"collection":[{"href":"https:\/\/sonovivace.ch\/index.php?rest_route=\/wp\/v2\/pages"}],"about":[{"href":"https:\/\/sonovivace.ch\/index.php?rest_route=\/wp\/v2\/types\/page"}],"author":[{"embeddable":true,"href":"https:\/\/sonovivace.ch\/index.php?rest_route=\/wp\/v2\/users\/1"}],"replies":[{"embeddable":true,"href":"https:\/\/sonovivace.ch\/index.php?rest_route=%2Fwp%2Fv2%2Fcomments&post=167"}],"version-history":[{"count":5,"href":"https:\/\/sonovivace.ch\/index.php?rest_route=\/wp\/v2\/pages\/167\/revisions"}],"predecessor-version":[{"id":457,"href":"https:\/\/sonovivace.ch\/index.php?rest_route=\/wp\/v2\/pages\/167\/revisions\/457"}],"wp:attachment":[{"href":"https:\/\/sonovivace.ch\/index.php?rest_route=%2Fwp%2Fv2%2Fmedia&parent=167"}],"curies":[{"name":"wp","href":"https:\/\/api.w.org\/{rel}","templated":true}]}}